{"id":318,"date":"2026-01-13T23:01:49","date_gmt":"2026-01-13T23:01:49","guid":{"rendered":"https:\/\/imadake.ca\/menu-fixe-imadake\/"},"modified":"2026-01-14T01:53:05","modified_gmt":"2026-01-14T01:53:05","slug":"menu-fixe-imadake","status":"publish","type":"page","link":"https:\/\/imadake.ca\/fr\/menu-fixe-imadake\/","title":{"rendered":"Menu fixe Imadake"},"content":{"rendered":"\t\t<div data-elementor-type=\"wp-page\" data-elementor-id=\"318\" class=\"elementor elementor-318 elementor-124\" data-elementor-post-type=\"page\">\n\t\t\t\t<div class=\"elementor-element elementor-element-55000066 e-flex e-con-boxed e-con e-parent\" data-id=\"55000066\" data-element_type=\"container\" data-e-type=\"container\">\n\t\t\t\t\t<div class=\"e-con-inner\">\n\t\t<div class=\"elementor-element elementor-element-61a94f2f e-con-full e-flex e-con e-child\" data-id=\"61a94f2f\" data-element_type=\"container\" data-e-type=\"container\" data-settings=\"{&quot;background_background&quot;:&quot;classic&quot;}\">\n\t\t\t\t<div class=\"elementor-element elementor-element-f1143d8 elementor-widget elementor-widget-heading\" data-id=\"f1143d8\" data-element_type=\"widget\" data-e-type=\"widget\" data-widget_type=\"heading.default\">\n\t\t\t\t\t<h1 class=\"elementor-heading-title elementor-size-default\">Menus de groupe pour 20+\nR\u00e9servations de groupe<\/h1>\t\t\t\t<\/div>\n\t\t\t\t<div class=\"elementor-element elementor-element-36d2f486 elementor-widget elementor-widget-text-editor\" data-id=\"36d2f486\" data-element_type=\"widget\" data-e-type=\"widget\" data-widget_type=\"text-editor.default\">\n\t\t\t\t\t\t\t\t\t<p>Passe chez Imadake quand tu planifies ton prochain grand rassemblement.<\/p>\t\t\t\t\t\t\t\t<\/div>\n\t\t\t\t<div class=\"elementor-element elementor-element-4dd941e0 elementor-align-left elementor-mobile-align-justify elementor-widget elementor-widget-button\" data-id=\"4dd941e0\" data-element_type=\"widget\" data-e-type=\"widget\" data-widget_type=\"button.default\">\n\t\t\t\t\t\t\t\t\t\t<a class=\"elementor-button elementor-button-link elementor-size-sm\" href=\"mailto:imadakemin@gmail.com\" target=\"_blank\">\n\t\t\t\t\t\t<span class=\"elementor-button-content-wrapper\">\n\t\t\t\t\t\t\t\t\t<span class=\"elementor-button-text\">Contacte-nous pour r\u00e9server<\/span>\n\t\t\t\t\t<\/span>\n\t\t\t\t\t<\/a>\n\t\t\t\t\t\t\t\t<\/div>\n\t\t\t\t<\/div>\n\t\t<div class=\"elementor-element elementor-element-217dd267 e-con-full e-flex e-con e-child\" data-id=\"217dd267\" data-element_type=\"container\" data-e-type=\"container\">\n\t\t\t\t<div class=\"elementor-element elementor-element-53226800 elementor-widget elementor-widget-heading\" data-id=\"53226800\" data-element_type=\"widget\" data-e-type=\"widget\" data-widget_type=\"heading.default\">\n\t\t\t\t\t<h2 class=\"elementor-heading-title elementor-size-default\">Officialise le tout !<\/h2>\t\t\t\t<\/div>\n\t\t\t\t<div class=\"elementor-element elementor-element-28d39cf1 elementor-widget elementor-widget-text-editor\" data-id=\"28d39cf1\" data-element_type=\"widget\" data-e-type=\"widget\" data-widget_type=\"text-editor.default\">\n\t\t\t\t\t\t\t\t\tTu veux r\u00e9server pour ton groupe ? Envoie-nous un courriel \u00e0 <a href=\"mailto:imadakemin@gmail.com\">imadakemin@gmail.com<\/a> avec la date et l\u2019heure de ta r\u00e9servation, ton nom et le nombre de personnes dans ton groupe.\n\n\t\t\t\t\t\t\t\t<\/div>\n\t\t\t\t<div class=\"elementor-element elementor-element-61282a59 elementor-widget elementor-widget-heading\" data-id=\"61282a59\" data-element_type=\"widget\" data-e-type=\"widget\" data-widget_type=\"heading.default\">\n\t\t\t\t\t<h2 class=\"elementor-heading-title elementor-size-default\">Sp\u00e9cial karaok\u00e9 !<\/h2>\t\t\t\t<\/div>\n\t\t\t\t<div class=\"elementor-element elementor-element-1471835b elementor-widget elementor-widget-text-editor\" data-id=\"1471835b\" data-element_type=\"widget\" data-e-type=\"widget\" data-widget_type=\"text-editor.default\">\n\t\t\t\t\t\t\t\t\t<p>Un syst\u00e8me de karaok\u00e9 dans notre salle priv\u00e9e sera disponible pour les groupes de 20 personnes ou plus. Merci de mentionner cette offre lorsque tu envoies un courriel au sujet de ta r\u00e9servation, et nous ferons en sorte que \u00e7a se r\u00e9alise !<\/p>\t\t\t\t\t\t\t\t<\/div>\n\t\t\t\t<\/div>\n\t\t\t\t\t<\/div>\n\t\t\t\t<\/div>\n\t\t<div class=\"elementor-element elementor-element-26781313 e-flex e-con-boxed e-con e-parent\" data-id=\"26781313\" data-element_type=\"container\" data-e-type=\"container\">\n\t\t\t\t\t<div class=\"e-con-inner\">\n\t\t<div class=\"elementor-element elementor-element-125baf0c e-con-full e-flex e-con e-child\" data-id=\"125baf0c\" data-element_type=\"container\" data-e-type=\"container\">\n\t\t\t\t<div class=\"elementor-element elementor-element-cf81cc6 elementor-widget elementor-widget-image\" data-id=\"cf81cc6\" data-element_type=\"widget\" data-e-type=\"widget\" data-settings=\"{&quot;motion_fx_motion_fx_scrolling&quot;:&quot;yes&quot;,&quot;motion_fx_translateX_effect&quot;:&quot;yes&quot;,&quot;motion_fx_translateX_direction&quot;:&quot;negative&quot;,&quot;motion_fx_translateX_speed&quot;:{&quot;unit&quot;:&quot;px&quot;,&quot;size&quot;:4,&quot;sizes&quot;:[]},&quot;motion_fx_translateX_affectedRange&quot;:{&quot;unit&quot;:&quot;%&quot;,&quot;size&quot;:&quot;&quot;,&quot;sizes&quot;:{&quot;start&quot;:0,&quot;end&quot;:100}},&quot;motion_fx_devices&quot;:[&quot;desktop&quot;,&quot;tablet&quot;,&quot;mobile&quot;]}\" data-widget_type=\"image.default\">\n\t\t\t\t\t\t\t\t\t\t\t\t\t\t\t<img fetchpriority=\"high\" decoding=\"async\" width=\"800\" height=\"534\" src=\"https:\/\/imadake.ca\/wp-content\/uploads\/2026\/01\/Set-Menu-Imadake-1024x684.png\" class=\"attachment-large size-large wp-image-319\" alt=\"\" srcset=\"https:\/\/imadake.ca\/wp-content\/uploads\/2026\/01\/Set-Menu-Imadake-1024x684.png 1024w, https:\/\/imadake.ca\/wp-content\/uploads\/2026\/01\/Set-Menu-Imadake-300x200.png 300w, https:\/\/imadake.ca\/wp-content\/uploads\/2026\/01\/Set-Menu-Imadake-768x513.png 768w, https:\/\/imadake.ca\/wp-content\/uploads\/2026\/01\/Set-Menu-Imadake-1536x1026.png 1536w, https:\/\/imadake.ca\/wp-content\/uploads\/2026\/01\/Set-Menu-Imadake.png 1572w\" sizes=\"(max-width: 800px) 100vw, 800px\" \/>\t\t\t\t\t\t\t\t\t\t\t\t\t\t\t<\/div>\n\t\t\t\t<\/div>\n\t\t\t\t\t<\/div>\n\t\t\t\t<\/div>\n\t\t<div class=\"elementor-element elementor-element-499bf6fe e-flex e-con-boxed e-con e-parent\" data-id=\"499bf6fe\" data-element_type=\"container\" data-e-type=\"container\">\n\t\t\t\t\t<div class=\"e-con-inner\">\n\t\t<div class=\"elementor-element elementor-element-7d1659f8 e-con-full e-flex e-con e-child\" data-id=\"7d1659f8\" data-element_type=\"container\" data-e-type=\"container\">\n\t\t\t\t<div class=\"elementor-element elementor-element-2df4acae elementor-widget elementor-widget-heading\" data-id=\"2df4acae\" data-element_type=\"widget\" data-e-type=\"widget\" data-widget_type=\"heading.default\">\n\t\t\t\t\t<h2 class=\"elementor-heading-title elementor-size-default\">Option de menu de groupe un<br> \/ 45 $ par personne <\/h2>\t\t\t\t<\/div>\n\t\t\t\t<div class=\"elementor-element elementor-element-1a22dd03 elementor-widget elementor-widget-text-editor\" data-id=\"1a22dd03\" data-element_type=\"widget\" data-e-type=\"widget\" data-widget_type=\"text-editor.default\">\n\t\t\t\t\t\t\t\t\t<p>Classiques signatures d\u2019un izakaya avec la touche personnelle d\u2019Imadake.<\/p>\t\t\t\t\t\t\t\t<\/div>\n\t\t\t\t<div class=\"elementor-element elementor-element-7f7264f8 elementor-widget elementor-widget-image\" data-id=\"7f7264f8\" data-element_type=\"widget\" data-e-type=\"widget\" data-widget_type=\"image.default\">\n\t\t\t\t\t\t\t\t\t\t\t\t\t\t\t\t<a href=\"https:\/\/imadake.ca\/wp-content\/uploads\/2026\/01\/Set-Menu-Imadake-Web-2.jpg\" data-elementor-open-lightbox=\"yes\" data-e-action-hash=\"#elementor-action%3Aaction%3Dlightbox%26settings%3DeyJpZCI6MzIwLCJ1cmwiOiJodHRwczpcL1wvaW1hZGFrZS5jYVwvd3AtY29udGVudFwvdXBsb2Fkc1wvMjAyNlwvMDFcL1NldC1NZW51LUltYWRha2UtV2ViLTIuanBnIn0%3D\">\n\t\t\t\t\t\t\t<img decoding=\"async\" width=\"1427\" height=\"1995\" src=\"https:\/\/imadake.ca\/wp-content\/uploads\/2026\/01\/Set-Menu-Imadake-Web-2.jpg\" class=\"attachment-full size-full wp-image-320\" alt=\"\" srcset=\"https:\/\/imadake.ca\/wp-content\/uploads\/2026\/01\/Set-Menu-Imadake-Web-2.jpg 1427w, https:\/\/imadake.ca\/wp-content\/uploads\/2026\/01\/Set-Menu-Imadake-Web-2-215x300.jpg 215w, https:\/\/imadake.ca\/wp-content\/uploads\/2026\/01\/Set-Menu-Imadake-Web-2-732x1024.jpg 732w, https:\/\/imadake.ca\/wp-content\/uploads\/2026\/01\/Set-Menu-Imadake-Web-2-768x1074.jpg 768w, https:\/\/imadake.ca\/wp-content\/uploads\/2026\/01\/Set-Menu-Imadake-Web-2-1099x1536.jpg 1099w\" sizes=\"(max-width: 1427px) 100vw, 1427px\" \/>\t\t\t\t\t\t\t\t<\/a>\n\t\t\t\t\t\t\t\t\t\t\t\t\t\t\t<\/div>\n\t\t\t\t<div class=\"elementor-element elementor-element-12352cc1 elementor-widget elementor-widget-text-editor\" data-id=\"12352cc1\" data-element_type=\"widget\" data-e-type=\"widget\" data-widget_type=\"text-editor.default\">\n\t\t\t\t\t\t\t\t\t\u261d<br>CLIQUER POUR AGRANDIR !\t\t\t\t\t\t\t\t<\/div>\n\t\t\t\t<\/div>\n\t\t<div class=\"elementor-element elementor-element-76745559 e-con-full e-flex e-con e-child\" data-id=\"76745559\" data-element_type=\"container\" data-e-type=\"container\">\n\t\t\t\t<div class=\"elementor-element elementor-element-8eecb90 elementor-widget elementor-widget-heading\" data-id=\"8eecb90\" data-element_type=\"widget\" data-e-type=\"widget\" data-widget_type=\"heading.default\">\n\t\t\t\t\t<h2 class=\"elementor-heading-title elementor-size-default\">Option de menu de groupe deux <br>\/ 55 $ par personne<\/h2>\t\t\t\t<\/div>\n\t\t\t\t<div class=\"elementor-element elementor-element-3efbb8fd elementor-widget elementor-widget-text-editor\" data-id=\"3efbb8fd\" data-element_type=\"widget\" data-e-type=\"widget\" data-widget_type=\"text-editor.default\">\n\t\t\t\t\t\t\t\t\t<p>Plats d\u2019izakaya gastronomiques et inventifs, parfaits pour les amateurs de cuisine.<\/p>\t\t\t\t\t\t\t\t<\/div>\n\t\t\t\t<div class=\"elementor-element elementor-element-52ac3d3b elementor-widget elementor-widget-image\" data-id=\"52ac3d3b\" data-element_type=\"widget\" data-e-type=\"widget\" data-widget_type=\"image.default\">\n\t\t\t\t\t\t\t\t\t\t\t\t\t\t\t\t<a href=\"https:\/\/imadake.ca\/wp-content\/uploads\/2026\/01\/Set-Menu-Imadake-Web.jpg\" data-elementor-open-lightbox=\"yes\" data-e-action-hash=\"#elementor-action%3Aaction%3Dlightbox%26settings%3DeyJpZCI6MzIxLCJ1cmwiOiJodHRwczpcL1wvaW1hZGFrZS5jYVwvd3AtY29udGVudFwvdXBsb2Fkc1wvMjAyNlwvMDFcL1NldC1NZW51LUltYWRha2UtV2ViLmpwZyJ9\">\n\t\t\t\t\t\t\t<img decoding=\"async\" width=\"1427\" height=\"1995\" src=\"https:\/\/imadake.ca\/wp-content\/uploads\/2026\/01\/Set-Menu-Imadake-Web.jpg\" class=\"attachment-full size-full wp-image-321\" alt=\"\" srcset=\"https:\/\/imadake.ca\/wp-content\/uploads\/2026\/01\/Set-Menu-Imadake-Web.jpg 1427w, https:\/\/imadake.ca\/wp-content\/uploads\/2026\/01\/Set-Menu-Imadake-Web-215x300.jpg 215w, https:\/\/imadake.ca\/wp-content\/uploads\/2026\/01\/Set-Menu-Imadake-Web-732x1024.jpg 732w, https:\/\/imadake.ca\/wp-content\/uploads\/2026\/01\/Set-Menu-Imadake-Web-768x1074.jpg 768w, https:\/\/imadake.ca\/wp-content\/uploads\/2026\/01\/Set-Menu-Imadake-Web-1099x1536.jpg 1099w\" sizes=\"(max-width: 1427px) 100vw, 1427px\" \/>\t\t\t\t\t\t\t\t<\/a>\n\t\t\t\t\t\t\t\t\t\t\t\t\t\t\t<\/div>\n\t\t\t\t<div class=\"elementor-element elementor-element-abc841d elementor-widget elementor-widget-text-editor\" data-id=\"abc841d\" data-element_type=\"widget\" data-e-type=\"widget\" data-widget_type=\"text-editor.default\">\n\t\t\t\t\t\t\t\t\t\u261d<br>CLIQUER POUR AGRANDIR !\t\t\t\t\t\t\t\t<\/div>\n\t\t\t\t<\/div>\n\t\t\t\t\t<\/div>\n\t\t\t\t<\/div>\n\t\t<div class=\"elementor-element elementor-element-304e69c1 e-flex e-con-boxed e-con e-parent\" data-id=\"304e69c1\" data-element_type=\"container\" data-e-type=\"container\" data-settings=\"{&quot;background_background&quot;:&quot;classic&quot;}\">\n\t\t\t\t\t<div class=\"e-con-inner\">\n\t\t<div class=\"elementor-element elementor-element-1cb29ff2 e-con-full e-flex e-con e-child\" data-id=\"1cb29ff2\" data-element_type=\"container\" data-e-type=\"container\">\n\t\t\t\t<div class=\"elementor-element elementor-element-297d0e8f elementor-align-center elementor-mobile-align-justify elementor-widget elementor-widget-button\" data-id=\"297d0e8f\" data-element_type=\"widget\" data-e-type=\"widget\" data-widget_type=\"button.default\">\n\t\t\t\t\t\t\t\t\t\t<a class=\"elementor-button elementor-button-link elementor-size-sm\" href=\"mailto:imadakemin@gmail.com\" target=\"_blank\">\n\t\t\t\t\t\t<span class=\"elementor-button-content-wrapper\">\n\t\t\t\t\t\t\t\t\t<span class=\"elementor-button-text\">Contacte-nous pour r\u00e9server un groupe<\/span>\n\t\t\t\t\t<\/span>\n\t\t\t\t\t<\/a>\n\t\t\t\t\t\t\t\t<\/div>\n\t\t\t\t<\/div>\n\t\t\t\t\t<\/div>\n\t\t\t\t<\/div>\n\t\t\t\t<\/div>\n\t\t","protected":false},"excerpt":{"rendered":"<p>Menus de groupe pour 20+ R\u00e9servations de groupe Passe chez Imadake quand tu planifies ton prochain grand rassemblement. Contacte-nous pour r\u00e9server Officialise le tout ! Tu veux r\u00e9server pour ton groupe ? Envoie-nous un courriel \u00e0 imadakemin@gmail.com avec la date et l\u2019heure de ta r\u00e9servation, ton nom et le nombre de personnes dans ton groupe. [&hellip;]<\/p>\n","protected":false},"author":1,"featured_media":0,"parent":0,"menu_order":0,"comment_status":"closed","ping_status":"closed","template":"","meta":{"footnotes":""},"class_list":["post-318","page","type-page","status-publish","hentry"],"_links":{"self":[{"href":"https:\/\/imadake.ca\/fr\/wp-json\/wp\/v2\/pages\/318","targetHints":{"allow":["GET"]}}],"collection":[{"href":"https:\/\/imadake.ca\/fr\/wp-json\/wp\/v2\/pages"}],"about":[{"href":"https:\/\/imadake.ca\/fr\/wp-json\/wp\/v2\/types\/page"}],"author":[{"embeddable":true,"href":"https:\/\/imadake.ca\/fr\/wp-json\/wp\/v2\/users\/1"}],"replies":[{"embeddable":true,"href":"https:\/\/imadake.ca\/fr\/wp-json\/wp\/v2\/comments?post=318"}],"version-history":[{"count":1,"href":"https:\/\/imadake.ca\/fr\/wp-json\/wp\/v2\/pages\/318\/revisions"}],"predecessor-version":[{"id":322,"href":"https:\/\/imadake.ca\/fr\/wp-json\/wp\/v2\/pages\/318\/revisions\/322"}],"wp:attachment":[{"href":"https:\/\/imadake.ca\/fr\/wp-json\/wp\/v2\/media?parent=318"}],"curies":[{"name":"wp","href":"https:\/\/api.w.org\/{rel}","templated":true}]}}