{"id":315,"date":"2026-01-13T23:01:50","date_gmt":"2026-01-13T23:01:50","guid":{"rendered":"https:\/\/imadake.ca\/contact\/"},"modified":"2026-01-14T01:52:51","modified_gmt":"2026-01-14T01:52:51","slug":"contact","status":"publish","type":"page","link":"https:\/\/imadake.ca\/fr\/contact\/","title":{"rendered":"Contact"},"content":{"rendered":"\t\t<div data-elementor-type=\"wp-page\" data-elementor-id=\"315\" class=\"elementor elementor-315 elementor-133\" data-elementor-post-type=\"page\">\n\t\t\t\t<div class=\"elementor-element elementor-element-2af33812 e-flex e-con-boxed e-con e-parent\" data-id=\"2af33812\" data-element_type=\"container\" data-e-type=\"container\" data-settings=\"{&quot;background_background&quot;:&quot;classic&quot;}\">\n\t\t\t\t\t<div class=\"e-con-inner\">\n\t\t<div class=\"elementor-element elementor-element-823c084 e-con-full e-flex e-con e-child\" data-id=\"823c084\" data-element_type=\"container\" data-e-type=\"container\">\n\t\t\t\t<div class=\"elementor-element elementor-element-5fc77d8 elementor-widget elementor-widget-heading\" data-id=\"5fc77d8\" data-element_type=\"widget\" data-e-type=\"widget\" data-widget_type=\"heading.default\">\n\t\t\t\t\t<h1 class=\"elementor-heading-title elementor-size-default\">IMADAKE MONTR\u00c9AL <br> INFORMATIONS DE CONTACT<\/h1>\t\t\t\t<\/div>\n\t\t\t\t<div class=\"elementor-element elementor-element-53c4e8b8 elementor-widget elementor-widget-text-editor\" data-id=\"53c4e8b8\" data-element_type=\"widget\" data-e-type=\"widget\" data-widget_type=\"text-editor.default\">\n\t\t\t\t\t\t\t\t\t<p><strong>Emplacement<\/strong><\/p><p>4006 Rue Sainte-Catherine<br>Montr\u00e9al, QC.<br><a href=\"https:\/\/maps.google.com\/maps\/dir\/\/4006+Saint-Catherine+St+Westmount,+QC+H3Z+1P2\/@45.4888494,-73.5846688,10z\/data=!4m5!4m4!1m0!1m2!1m1!1s0x4cc91a729d87975b:0x141a6ea62c47ef69\">Obtenir l\u2019itin\u00e9raire<\/a> &gt;<\/p>\t\t\t\t\t\t\t\t<\/div>\n\t\t\t\t<div class=\"elementor-element elementor-element-7b1cc0f1 elementor-widget elementor-widget-text-editor\" data-id=\"7b1cc0f1\" data-element_type=\"widget\" data-e-type=\"widget\" data-widget_type=\"text-editor.default\">\n\t\t\t\t\t\t\t\t\t<p><strong>Heures d\u2019ouverture du restaurant<\/strong><\/p><p>Consulte nos heures d\u2019ouverture et planifie ta visite.<\/p><p><a href=\"https:\/\/www.google.com\/maps\/place\/IMADAKE+IZAKAYA\/@45.4888413,-73.5871737,17z\/data=!3m1!4b1!4m6!3m5!1s0x4cc91a729d9d957d:0xaeeee959f468388f!8m2!3d45.4888413!4d-73.5845934!16s%2Fg%2F1thmkm4p?entry=ttu\">Voir les d\u00e9tails<\/a> &gt;<\/p>\t\t\t\t\t\t\t\t<\/div>\n\t\t\t\t<div class=\"elementor-element elementor-element-418c94e3 elementor-widget elementor-widget-text-editor\" data-id=\"418c94e3\" data-element_type=\"widget\" data-e-type=\"widget\" data-widget_type=\"text-editor.default\">\n\t\t\t\t\t\t\t\t\t<strong>Contact<\/strong>\n\nT : (514) 931-8833\t\t\t\t\t\t\t\t<\/div>\n\t\t\t\t<div class=\"elementor-element elementor-element-605891b9 elementor-widget elementor-widget-text-editor\" data-id=\"605891b9\" data-element_type=\"widget\" data-e-type=\"widget\" data-widget_type=\"text-editor.default\">\n\t\t\t\t\t\t\t\t\t<p><strong>Informations suppl\u00e9mentaires :<\/strong><\/p><p>Pr\u00eat(e) \u00e0 manger chez nous ? Consulte notre <a href=\"https:\/\/imadake.ca\/fr\/menu\/\">menu<\/a> et fais ta <a href=\"https:\/\/imadake.ca\/reservations\/\">r\u00e9servation<\/a> d\u00e8s aujourd\u2019hui !<\/p>\t\t\t\t\t\t\t\t<\/div>\n\t\t\t\t<\/div>\n\t\t<div class=\"elementor-element elementor-element-7293280 e-con-full e-flex e-con e-child\" data-id=\"7293280\" data-element_type=\"container\" data-e-type=\"container\" data-settings=\"{&quot;background_background&quot;:&quot;classic&quot;}\">\n\t\t\t\t<div class=\"elementor-element elementor-element-7ba5184f elementor-widget elementor-widget-google_maps\" data-id=\"7ba5184f\" data-element_type=\"widget\" data-e-type=\"widget\" data-widget_type=\"google_maps.default\">\n\t\t\t\t\t\t\t<div class=\"elementor-custom-embed\">\n\t\t\t<iframe loading=\"lazy\"\n\t\t\t\t\tsrc=\"https:\/\/maps.google.com\/maps?q=4006%20Saint-Catherine%20St%2C%20Montreal%2C%20Quebec%20H3Z%201P2&#038;t=m&#038;z=10&#038;output=embed&#038;iwloc=near\"\n\t\t\t\t\ttitle=\"4006 Saint-Catherine St, Montreal, Quebec H3Z 1P2\"\n\t\t\t\t\taria-label=\"4006 Saint-Catherine St, Montreal, Quebec H3Z 1P2\"\n\t\t\t><\/iframe>\n\t\t<\/div>\n\t\t\t\t\t\t<\/div>\n\t\t\t\t<\/div>\n\t\t\t\t\t<\/div>\n\t\t\t\t<\/div>\n\t\t\t\t<\/div>\n\t\t","protected":false},"excerpt":{"rendered":"<p>IMADAKE MONTR\u00c9AL INFORMATIONS DE CONTACT Emplacement 4006 Rue Sainte-CatherineMontr\u00e9al, QC.Obtenir l\u2019itin\u00e9raire &gt; Heures d\u2019ouverture du restaurant Consulte nos heures d\u2019ouverture et planifie ta visite. Voir les d\u00e9tails &gt; Contact T : (514) 931-8833 Informations suppl\u00e9mentaires : Pr\u00eat(e) \u00e0 manger chez nous ? Consulte notre menu et fais ta r\u00e9servation d\u00e8s aujourd\u2019hui !<\/p>\n","protected":false},"author":1,"featured_media":0,"parent":0,"menu_order":0,"comment_status":"closed","ping_status":"closed","template":"","meta":{"footnotes":""},"class_list":["post-315","page","type-page","status-publish","hentry"],"_links":{"self":[{"href":"https:\/\/imadake.ca\/fr\/wp-json\/wp\/v2\/pages\/315","targetHints":{"allow":["GET"]}}],"collection":[{"href":"https:\/\/imadake.ca\/fr\/wp-json\/wp\/v2\/pages"}],"about":[{"href":"https:\/\/imadake.ca\/fr\/wp-json\/wp\/v2\/types\/page"}],"author":[{"embeddable":true,"href":"https:\/\/imadake.ca\/fr\/wp-json\/wp\/v2\/users\/1"}],"replies":[{"embeddable":true,"href":"https:\/\/imadake.ca\/fr\/wp-json\/wp\/v2\/comments?post=315"}],"version-history":[{"count":1,"href":"https:\/\/imadake.ca\/fr\/wp-json\/wp\/v2\/pages\/315\/revisions"}],"predecessor-version":[{"id":317,"href":"https:\/\/imadake.ca\/fr\/wp-json\/wp\/v2\/pages\/315\/revisions\/317"}],"wp:attachment":[{"href":"https:\/\/imadake.ca\/fr\/wp-json\/wp\/v2\/media?parent=315"}],"curies":[{"name":"wp","href":"https:\/\/api.w.org\/{rel}","templated":true}]}}