{"id":312,"date":"2026-01-13T23:01:50","date_gmt":"2026-01-13T23:01:50","guid":{"rendered":"https:\/\/imadake.ca\/medias\/"},"modified":"2026-01-14T01:52:51","modified_gmt":"2026-01-14T01:52:51","slug":"medias","status":"publish","type":"page","link":"https:\/\/imadake.ca\/fr\/medias\/","title":{"rendered":"M\u00e9dias"},"content":{"rendered":"\t\t<div data-elementor-type=\"wp-page\" data-elementor-id=\"312\" class=\"elementor elementor-312 elementor-136\" data-elementor-post-type=\"page\">\n\t\t\t\t<div class=\"elementor-element elementor-element-2b54922e e-flex e-con-boxed e-con e-parent\" data-id=\"2b54922e\" data-element_type=\"container\" data-e-type=\"container\">\n\t\t\t\t\t<div class=\"e-con-inner\">\n\t\t<div class=\"elementor-element elementor-element-2164d9fc e-con-full e-flex e-con e-child\" data-id=\"2164d9fc\" data-element_type=\"container\" data-e-type=\"container\">\n\t\t\t\t<div class=\"elementor-element elementor-element-427b716c elementor-widget elementor-widget-heading\" data-id=\"427b716c\" data-element_type=\"widget\" data-e-type=\"widget\" data-widget_type=\"heading.default\">\n\t\t\t\t\t<h2 class=\"elementor-heading-title elementor-size-default\">Nouvelles d'Imadake dans les m\u00e9dias<\/h2>\t\t\t\t<\/div>\n\t\t\t\t<\/div>\n\t\t<div class=\"elementor-element elementor-element-efe3f0a e-con-full e-flex e-con e-child\" data-id=\"efe3f0a\" data-element_type=\"container\" data-e-type=\"container\">\n\t\t\t\t<div class=\"elementor-element elementor-element-3c2dfa5b elementor-widget elementor-widget-text-editor\" data-id=\"3c2dfa5b\" data-element_type=\"widget\" data-e-type=\"widget\" data-widget_type=\"text-editor.default\">\n\t\t\t\t\t\t\t\t\t<p>Bienvenue sur notre page m\u00e9dias&nbsp;! D\u00e9couvrez les meilleurs articles et critiques qui mettent en lumi\u00e8re l&rsquo;exp\u00e9rience authentique d&rsquo;Izakaya japonais d&rsquo;Imadake, ses plats d\u00e9licieux et son ambiance vibrante. Voyez pourquoi les amateurs de cuisine raffolent de nous&nbsp;!<\/p>\t\t\t\t\t\t\t\t<\/div>\n\t\t\t\t<\/div>\n\t\t\t\t\t<\/div>\n\t\t\t\t<\/div>\n\t\t<div class=\"elementor-element elementor-element-1d94d184 e-flex e-con-boxed e-con e-parent\" data-id=\"1d94d184\" data-element_type=\"container\" data-e-type=\"container\" data-settings=\"{&quot;background_background&quot;:&quot;classic&quot;}\">\n\t\t\t\t\t<div class=\"e-con-inner\">\n\t\t<div class=\"elementor-element elementor-element-1584ab2a e-con-full e-flex e-con e-child\" data-id=\"1584ab2a\" data-element_type=\"container\" data-e-type=\"container\">\n\t\t\t\t<div class=\"elementor-element elementor-element-794bb09e elementor-widget elementor-widget-heading\" data-id=\"794bb09e\" data-element_type=\"widget\" data-e-type=\"widget\" data-widget_type=\"heading.default\">\n\t\t\t\t\t<h2 class=\"elementor-heading-title elementor-size-default\">Principales mentions dans les m\u00e9dias<\/h2>\t\t\t\t<\/div>\n\t\t\t\t<\/div>\n\t\t<div class=\"elementor-element elementor-element-f3f55ef e-con-full e-flex e-con e-child\" data-id=\"f3f55ef\" data-element_type=\"container\" data-e-type=\"container\">\n\t\t\t\t<div class=\"elementor-element elementor-element-3226f4d elementor-widget elementor-widget-heading\" data-id=\"3226f4d\" data-element_type=\"widget\" data-e-type=\"widget\" data-widget_type=\"heading.default\">\n\t\t\t\t\t<h3 class=\"elementor-heading-title elementor-size-default\">Faits saillants et critiques<\/h3>\t\t\t\t<\/div>\n\t\t\t\t<\/div>\n\t\t\t\t\t<\/div>\n\t\t\t\t<\/div>\n\t\t<div class=\"elementor-element elementor-element-22d4192c e-flex e-con-boxed e-con e-parent\" data-id=\"22d4192c\" data-element_type=\"container\" data-e-type=\"container\" data-settings=\"{&quot;background_background&quot;:&quot;classic&quot;}\">\n\t\t\t\t\t<div class=\"e-con-inner\">\n\t\t\t\t<div class=\"elementor-element elementor-element-19e1057e elementor-grid-3 elementor-grid-tablet-2 elementor-grid-mobile-1 elementor-widget elementor-widget-loop-grid\" data-id=\"19e1057e\" data-element_type=\"widget\" data-e-type=\"widget\" data-settings=\"{&quot;template_id&quot;:114,&quot;_skin&quot;:&quot;post&quot;,&quot;columns&quot;:&quot;3&quot;,&quot;columns_tablet&quot;:&quot;2&quot;,&quot;columns_mobile&quot;:&quot;1&quot;,&quot;edit_handle_selector&quot;:&quot;[data-elementor-type=\\&quot;loop-item\\&quot;]&quot;,&quot;row_gap&quot;:{&quot;unit&quot;:&quot;px&quot;,&quot;size&quot;:&quot;&quot;,&quot;sizes&quot;:[]},&quot;row_gap_tablet&quot;:{&quot;unit&quot;:&quot;px&quot;,&quot;size&quot;:&quot;&quot;,&quot;sizes&quot;:[]},&quot;row_gap_mobile&quot;:{&quot;unit&quot;:&quot;px&quot;,&quot;size&quot;:&quot;&quot;,&quot;sizes&quot;:[]}}\" data-widget_type=\"loop-grid.post\">\n\t\t\t\t<div class=\"elementor-widget-container\">\n\t\t\t\t\t\t\t<div class=\"e-loop-nothing-found-message\">\n\t\t<\/div>\n\t\t\t\t\t\t<\/div>\n\t\t\t\t<\/div>\n\t\t\t\t\t<\/div>\n\t\t\t\t<\/div>\n\t\t<div class=\"elementor-element elementor-element-660971ef e-flex e-con-boxed e-con e-parent\" data-id=\"660971ef\" data-element_type=\"container\" data-e-type=\"container\" data-settings=\"{&quot;background_background&quot;:&quot;classic&quot;}\">\n\t\t\t\t\t<div class=\"e-con-inner\">\n\t\t\t\t<div class=\"elementor-element elementor-element-54172972 elementor-widget elementor-widget-image\" data-id=\"54172972\" data-element_type=\"widget\" data-e-type=\"widget\" data-widget_type=\"image.default\">\n\t\t\t\t\t\t\t\t\t\t\t\t\t\t\t<img fetchpriority=\"high\" decoding=\"async\" width=\"800\" height=\"800\" src=\"https:\/\/imadake.ca\/wp-content\/uploads\/2026\/01\/Imadake_0044_7R300027-Enhanced-NR.png\" class=\"attachment-large size-large wp-image-313\" alt=\"\" srcset=\"https:\/\/imadake.ca\/wp-content\/uploads\/2026\/01\/Imadake_0044_7R300027-Enhanced-NR.png 1000w, https:\/\/imadake.ca\/wp-content\/uploads\/2026\/01\/Imadake_0044_7R300027-Enhanced-NR-300x300.png 300w, https:\/\/imadake.ca\/wp-content\/uploads\/2026\/01\/Imadake_0044_7R300027-Enhanced-NR-150x150.png 150w, https:\/\/imadake.ca\/wp-content\/uploads\/2026\/01\/Imadake_0044_7R300027-Enhanced-NR-768x768.png 768w\" sizes=\"(max-width: 800px) 100vw, 800px\" \/>\t\t\t\t\t\t\t\t\t\t\t\t\t\t\t<\/div>\n\t\t\t\t<div class=\"elementor-element elementor-element-3f847c17 elementor-widget elementor-widget-heading\" data-id=\"3f847c17\" data-element_type=\"widget\" data-e-type=\"widget\" data-widget_type=\"heading.default\">\n\t\t\t\t\t<h2 class=\"elementor-heading-title elementor-size-default\">R\u00e9serve ta table chez Imadake<\/h2>\t\t\t\t<\/div>\n\t\t\t\t<div class=\"elementor-element elementor-element-7c9a9445 elementor-widget elementor-widget-text-editor\" data-id=\"7c9a9445\" data-element_type=\"widget\" data-e-type=\"widget\" data-widget_type=\"text-editor.default\">\n\t\t\t\t\t\t\t\t\t<p>D\u00e9couvre le meilleur de l&rsquo;Izakaya japonais chez Imadake. R\u00e9serve ta table d\u00e8s maintenant pour savourer nos plats d\u00e9licieux et profiter de notre ambiance anim\u00e9e. Ne manque pas une exp\u00e9rience culinaire inoubliable&nbsp;!<\/p>\t\t\t\t\t\t\t\t<\/div>\n\t\t\t\t<div class=\"elementor-element elementor-element-42468298 elementor-align-justify elementor-mobile-align-justify elementor-widget elementor-widget-button\" data-id=\"42468298\" data-element_type=\"widget\" data-e-type=\"widget\" data-widget_type=\"button.default\">\n\t\t\t\t\t\t\t\t\t\t<a class=\"elementor-button elementor-size-sm\" role=\"button\">\n\t\t\t\t\t\t<span class=\"elementor-button-content-wrapper\">\n\t\t\t\t\t\t\t\t\t<span class=\"elementor-button-text\">R\u00c9SERVE AUJOURD'HUI<\/span>\n\t\t\t\t\t<\/span>\n\t\t\t\t\t<\/a>\n\t\t\t\t\t\t\t\t<\/div>\n\t\t\t\t\t<\/div>\n\t\t\t\t<\/div>\n\t\t\t\t<\/div>\n\t\t","protected":false},"excerpt":{"rendered":"<p>Nouvelles d&rsquo;Imadake dans les m\u00e9dias Bienvenue sur notre page m\u00e9dias&nbsp;! D\u00e9couvrez les meilleurs articles et critiques qui mettent en lumi\u00e8re l&rsquo;exp\u00e9rience authentique d&rsquo;Izakaya japonais d&rsquo;Imadake, ses plats d\u00e9licieux et son ambiance vibrante. Voyez pourquoi les amateurs de cuisine raffolent de nous&nbsp;! Principales mentions dans les m\u00e9dias Faits saillants et critiques R\u00e9serve ta table chez Imadake [&hellip;]<\/p>\n","protected":false},"author":1,"featured_media":0,"parent":0,"menu_order":0,"comment_status":"closed","ping_status":"closed","template":"","meta":{"footnotes":""},"class_list":["post-312","page","type-page","status-publish","hentry"],"_links":{"self":[{"href":"https:\/\/imadake.ca\/fr\/wp-json\/wp\/v2\/pages\/312","targetHints":{"allow":["GET"]}}],"collection":[{"href":"https:\/\/imadake.ca\/fr\/wp-json\/wp\/v2\/pages"}],"about":[{"href":"https:\/\/imadake.ca\/fr\/wp-json\/wp\/v2\/types\/page"}],"author":[{"embeddable":true,"href":"https:\/\/imadake.ca\/fr\/wp-json\/wp\/v2\/users\/1"}],"replies":[{"embeddable":true,"href":"https:\/\/imadake.ca\/fr\/wp-json\/wp\/v2\/comments?post=312"}],"version-history":[{"count":1,"href":"https:\/\/imadake.ca\/fr\/wp-json\/wp\/v2\/pages\/312\/revisions"}],"predecessor-version":[{"id":314,"href":"https:\/\/imadake.ca\/fr\/wp-json\/wp\/v2\/pages\/312\/revisions\/314"}],"wp:attachment":[{"href":"https:\/\/imadake.ca\/fr\/wp-json\/wp\/v2\/media?parent=312"}],"curies":[{"name":"wp","href":"https:\/\/api.w.org\/{rel}","templated":true}]}}