{"id":296,"date":"2026-01-13T23:01:50","date_gmt":"2026-01-13T23:01:50","guid":{"rendered":"https:\/\/imadake.ca\/commander\/"},"modified":"2026-01-14T01:52:38","modified_gmt":"2026-01-14T01:52:38","slug":"commander","status":"publish","type":"page","link":"https:\/\/imadake.ca\/fr\/commander\/","title":{"rendered":"Commander"},"content":{"rendered":"\t\t<div data-elementor-type=\"wp-page\" data-elementor-id=\"296\" class=\"elementor elementor-296 elementor-130\" data-elementor-post-type=\"page\">\n\t\t\t\t<div class=\"elementor-element elementor-element-583b4155 e-con-full e-flex e-con e-parent\" data-id=\"583b4155\" data-element_type=\"container\" data-e-type=\"container\" data-settings=\"{&quot;background_background&quot;:&quot;classic&quot;}\">\n\t\t<div class=\"elementor-element elementor-element-111c2690 e-con-full e-flex e-con e-child\" data-id=\"111c2690\" data-element_type=\"container\" data-e-type=\"container\" data-settings=\"{&quot;background_background&quot;:&quot;classic&quot;}\">\n\t\t\t\t<div class=\"elementor-element elementor-element-38778927 elementor-widget elementor-widget-image\" data-id=\"38778927\" data-element_type=\"widget\" data-e-type=\"widget\" data-widget_type=\"image.default\">\n\t\t\t\t\t\t\t\t\t\t\t\t\t\t\t<img fetchpriority=\"high\" decoding=\"async\" width=\"800\" height=\"800\" src=\"https:\/\/imadake.ca\/wp-content\/uploads\/2026\/01\/Imadake_0036_28062023-Imadake-1-coolfilter80.png\" class=\"attachment-large size-large wp-image-297\" alt=\"\" srcset=\"https:\/\/imadake.ca\/wp-content\/uploads\/2026\/01\/Imadake_0036_28062023-Imadake-1-coolfilter80.png 1000w, https:\/\/imadake.ca\/wp-content\/uploads\/2026\/01\/Imadake_0036_28062023-Imadake-1-coolfilter80-300x300.png 300w, https:\/\/imadake.ca\/wp-content\/uploads\/2026\/01\/Imadake_0036_28062023-Imadake-1-coolfilter80-150x150.png 150w, https:\/\/imadake.ca\/wp-content\/uploads\/2026\/01\/Imadake_0036_28062023-Imadake-1-coolfilter80-768x768.png 768w\" sizes=\"(max-width: 800px) 100vw, 800px\" \/>\t\t\t\t\t\t\t\t\t\t\t\t\t\t\t<\/div>\n\t\t\t\t<div class=\"elementor-element elementor-element-2f88bdd3 elementor-widget elementor-widget-heading\" data-id=\"2f88bdd3\" data-element_type=\"widget\" data-e-type=\"widget\" data-widget_type=\"heading.default\">\n\t\t\t\t\t<h2 class=\"elementor-heading-title elementor-size-default\">Ramasser chez Imadake<\/h2>\t\t\t\t<\/div>\n\t\t\t\t<div class=\"elementor-element elementor-element-7ac35073 elementor-widget elementor-widget-text-editor\" data-id=\"7ac35073\" data-element_type=\"widget\" data-e-type=\"widget\" data-widget_type=\"text-editor.default\">\n\t\t\t\t\t\t\t\t\t<p>Appelle-nous au (514) 931-8833 aujourd&rsquo;hui pour commander et ramasser au 4006, rue Sainte-Catherine, Montr\u00e9al, QC. Frais et pr\u00eat de notre <span style=\"color: #ffffff;\"><a style=\"color: #ffffff;\" href=\"https:\/\/imadake.ca\/food-menu-qr\/\"><span style=\"text-decoration: underline;\">menu<\/span><\/a><\/span>&nbsp;!<\/p>\t\t\t\t\t\t\t\t<\/div>\n\t\t\t\t<div class=\"elementor-element elementor-element-4543d410 elementor-align-center elementor-mobile-align-justify elementor-widget elementor-widget-button\" data-id=\"4543d410\" data-element_type=\"widget\" data-e-type=\"widget\" data-widget_type=\"button.default\">\n\t\t\t\t\t\t\t\t\t\t<a class=\"elementor-button elementor-button-link elementor-size-sm\" href=\"tel:+15149318833\" target=\"_blank\">\n\t\t\t\t\t\t<span class=\"elementor-button-content-wrapper\">\n\t\t\t\t\t\t\t\t\t<span class=\"elementor-button-text\">Ramasser<\/span>\n\t\t\t\t\t<\/span>\n\t\t\t\t\t<\/a>\n\t\t\t\t\t\t\t\t<\/div>\n\t\t\t\t<\/div>\n\t\t<div class=\"elementor-element elementor-element-6712abd2 e-con-full e-flex e-con e-child\" data-id=\"6712abd2\" data-element_type=\"container\" data-e-type=\"container\" data-settings=\"{&quot;background_background&quot;:&quot;classic&quot;}\">\n\t\t\t\t<div class=\"elementor-element elementor-element-5664e813 elementor-widget elementor-widget-image\" data-id=\"5664e813\" data-element_type=\"widget\" data-e-type=\"widget\" data-widget_type=\"image.default\">\n\t\t\t\t\t\t\t\t\t\t\t\t\t\t\t<img decoding=\"async\" width=\"800\" height=\"800\" src=\"https:\/\/imadake.ca\/wp-content\/uploads\/2026\/01\/Imadake_0004_DSC02030.png\" class=\"attachment-large size-large wp-image-298\" alt=\"\" srcset=\"https:\/\/imadake.ca\/wp-content\/uploads\/2026\/01\/Imadake_0004_DSC02030.png 1000w, https:\/\/imadake.ca\/wp-content\/uploads\/2026\/01\/Imadake_0004_DSC02030-300x300.png 300w, https:\/\/imadake.ca\/wp-content\/uploads\/2026\/01\/Imadake_0004_DSC02030-150x150.png 150w, https:\/\/imadake.ca\/wp-content\/uploads\/2026\/01\/Imadake_0004_DSC02030-768x768.png 768w\" sizes=\"(max-width: 800px) 100vw, 800px\" \/>\t\t\t\t\t\t\t\t\t\t\t\t\t\t\t<\/div>\n\t\t\t\t<div class=\"elementor-element elementor-element-654959cf elementor-widget elementor-widget-heading\" data-id=\"654959cf\" data-element_type=\"widget\" data-e-type=\"widget\" data-widget_type=\"heading.default\">\n\t\t\t\t\t<h2 class=\"elementor-heading-title elementor-size-default\">Commander en ligne<\/h2>\t\t\t\t<\/div>\n\t\t\t\t<div class=\"elementor-element elementor-element-652dec25 elementor-widget elementor-widget-text-editor\" data-id=\"652dec25\" data-element_type=\"widget\" data-e-type=\"widget\" data-widget_type=\"text-editor.default\">\n\t\t\t\t\t\t\t\t\t<p>Utilise Uber Eats pour la livraison. Clique sur le lien pour passer ta commande en ligne et d\u00e9guste nos repas chauds emball\u00e9s \u00e0 la maison&nbsp;!<\/p>\t\t\t\t\t\t\t\t<\/div>\n\t\t\t\t<div class=\"elementor-element elementor-element-435f9a6d elementor-align-center elementor-mobile-align-justify elementor-widget elementor-widget-button\" data-id=\"435f9a6d\" data-element_type=\"widget\" data-e-type=\"widget\" data-widget_type=\"button.default\">\n\t\t\t\t\t\t\t\t\t\t<a class=\"elementor-button elementor-button-link elementor-size-sm\" href=\"https:\/\/www.ubereats.com\/ca\/store\/imadake-izakaya\/z9TyU37OXKOQYY9nUvq6fQ\" target=\"_blank\">\n\t\t\t\t\t\t<span class=\"elementor-button-content-wrapper\">\n\t\t\t\t\t\t\t\t\t<span class=\"elementor-button-text\">Commander maintenant<\/span>\n\t\t\t\t\t<\/span>\n\t\t\t\t\t<\/a>\n\t\t\t\t\t\t\t\t<\/div>\n\t\t\t\t<\/div>\n\t\t\t\t<\/div>\n\t\t\t\t<\/div>\n\t\t","protected":false},"excerpt":{"rendered":"<p>Ramasser chez Imadake Appelle-nous au (514) 931-8833 aujourd&rsquo;hui pour commander et ramasser au 4006, rue Sainte-Catherine, Montr\u00e9al, QC. Frais et pr\u00eat de notre menu&nbsp;! Ramasser Commander en ligne Utilise Uber Eats pour la livraison. Clique sur le lien pour passer ta commande en ligne et d\u00e9guste nos repas chauds emball\u00e9s \u00e0 la maison&nbsp;! Commander maintenant<\/p>\n","protected":false},"author":1,"featured_media":0,"parent":0,"menu_order":0,"comment_status":"closed","ping_status":"closed","template":"","meta":{"footnotes":""},"class_list":["post-296","page","type-page","status-publish","hentry"],"_links":{"self":[{"href":"https:\/\/imadake.ca\/fr\/wp-json\/wp\/v2\/pages\/296","targetHints":{"allow":["GET"]}}],"collection":[{"href":"https:\/\/imadake.ca\/fr\/wp-json\/wp\/v2\/pages"}],"about":[{"href":"https:\/\/imadake.ca\/fr\/wp-json\/wp\/v2\/types\/page"}],"author":[{"embeddable":true,"href":"https:\/\/imadake.ca\/fr\/wp-json\/wp\/v2\/users\/1"}],"replies":[{"embeddable":true,"href":"https:\/\/imadake.ca\/fr\/wp-json\/wp\/v2\/comments?post=296"}],"version-history":[{"count":1,"href":"https:\/\/imadake.ca\/fr\/wp-json\/wp\/v2\/pages\/296\/revisions"}],"predecessor-version":[{"id":300,"href":"https:\/\/imadake.ca\/fr\/wp-json\/wp\/v2\/pages\/296\/revisions\/300"}],"wp:attachment":[{"href":"https:\/\/imadake.ca\/fr\/wp-json\/wp\/v2\/media?parent=296"}],"curies":[{"name":"wp","href":"https:\/\/api.w.org\/{rel}","templated":true}]}}